{"id":151,"date":"2020-03-03T14:02:58","date_gmt":"2020-03-03T13:02:58","guid":{"rendered":"http:\/\/www.bjorktra.se\/?page_id=151"},"modified":"2023-08-23T08:22:59","modified_gmt":"2023-08-23T06:22:59","slug":"ravara","status":"publish","type":"page","link":"https:\/\/www.bjorktra.se\/en\/ravara\/","title":{"rendered":"Raw material"},"content":{"rendered":"<div data-elementor-type=\"wp-page\" data-elementor-id=\"151\" class=\"elementor elementor-151\">\n\t\t\t\t\t\t\t\t\t<section class=\"elementor-section elementor-top-section elementor-element elementor-element-27e71c83 elementor-section-boxed elementor-section-height-default elementor-section-height-default\" data-id=\"27e71c83\" data-element_type=\"section\">\n\t\t\t\t\t\t<div class=\"elementor-container elementor-column-gap-default\">\n\t\t\t\t\t<div class=\"elementor-column elementor-col-50 elementor-top-column elementor-element elementor-element-7f532cb\" data-id=\"7f532cb\" data-element_type=\"column\">\n\t\t\t<div class=\"elementor-widget-wrap elementor-element-populated\">\n\t\t\t\t\t\t\t\t<div class=\"elementor-element elementor-element-4c3ab8b5 elementor-widget elementor-widget-heading\" data-id=\"4c3ab8b5\" data-element_type=\"widget\" data-widget_type=\"heading.default\">\n\t\t\t\t<div class=\"elementor-widget-container\">\n\t\t\t<h3 class=\"elementor-heading-title elementor-size-default\">Raw material<\/h3>\t\t<\/div>\n\t\t\t\t<\/div>\n\t\t\t\t<div class=\"elementor-element elementor-element-6f194851 elementor-widget-divider--view-line elementor-widget elementor-widget-divider\" data-id=\"6f194851\" data-element_type=\"widget\" data-widget_type=\"divider.default\">\n\t\t\t\t<div class=\"elementor-widget-container\">\n\t\t\t\t\t<div class=\"elementor-divider\">\n\t\t\t<span class=\"elementor-divider-separator\">\n\t\t\t\t\t\t<\/span>\n\t\t<\/div>\n\t\t\t\t<\/div>\n\t\t\t\t<\/div>\n\t\t\t\t<section class=\"elementor-section elementor-inner-section elementor-element elementor-element-d426bbc elementor-section-boxed elementor-section-height-default elementor-section-height-default\" data-id=\"d426bbc\" data-element_type=\"section\" data-settings=\"{&quot;background_background&quot;:&quot;classic&quot;}\">\n\t\t\t\t\t\t<div class=\"elementor-container elementor-column-gap-default\">\n\t\t\t\t\t<div class=\"elementor-column elementor-col-50 elementor-inner-column elementor-element elementor-element-775ee8b\" data-id=\"775ee8b\" data-element_type=\"column\">\n\t\t\t<div class=\"elementor-widget-wrap elementor-element-populated\">\n\t\t\t\t\t\t\t\t<div class=\"elementor-element elementor-element-624d502 elementor-widget elementor-widget-image\" data-id=\"624d502\" data-element_type=\"widget\" data-widget_type=\"image.default\">\n\t\t\t\t<div class=\"elementor-widget-container\">\n\t\t\t\t\t\t\t\t\t\t\t\t\t\t\t\t<a href=\"https:\/\/www.bjorktra.se\/wp-content\/uploads\/Apteringsinstruktion-bjorksagkubb_2023.jpg\" data-elementor-open-lightbox=\"yes\" data-elementor-lightbox-title=\"Apteringsinstruktion NY.xlsx\" data-e-action-hash=\"#elementor-action%3Aaction%3Dlightbox%26settings%3DeyJpZCI6NDY5MSwidXJsIjoiaHR0cHM6XC9cL3d3dy5iam9ya3RyYS5zZVwvd3AtY29udGVudFwvdXBsb2Fkc1wvQXB0ZXJpbmdzaW5zdHJ1a3Rpb24tYmpvcmtzYWdrdWJiXzIwMjMuanBnIn0%3D\">\n\t\t\t\t\t\t\t<img decoding=\"async\" loading=\"lazy\" width=\"800\" height=\"554\" src=\"https:\/\/www.bjorktra.se\/wp-content\/uploads\/Apteringsinstruktion-bjorksagkubb_2023.jpg\" class=\"attachment-large size-large wp-image-4691\" alt=\"Apteringsinstruktion 2023\" srcset=\"https:\/\/www.bjorktra.se\/wp-content\/uploads\/Apteringsinstruktion-bjorksagkubb_2023.jpg 907w, https:\/\/www.bjorktra.se\/wp-content\/uploads\/Apteringsinstruktion-bjorksagkubb_2023-300x208.jpg 300w, https:\/\/www.bjorktra.se\/wp-content\/uploads\/Apteringsinstruktion-bjorksagkubb_2023-768x532.jpg 768w, https:\/\/www.bjorktra.se\/wp-content\/uploads\/Apteringsinstruktion-bjorksagkubb_2023-18x12.jpg 18w\" sizes=\"(max-width: 800px) 100vw, 800px\" \/>\t\t\t\t\t\t\t\t<\/a>\n\t\t\t\t\t\t\t\t\t\t\t\t\t\t\t<\/div>\n\t\t\t\t<\/div>\n\t\t\t\t\t<\/div>\n\t\t<\/div>\n\t\t\t\t<div class=\"elementor-column elementor-col-50 elementor-inner-column elementor-element elementor-element-be181fe\" data-id=\"be181fe\" data-element_type=\"column\">\n\t\t\t<div class=\"elementor-widget-wrap elementor-element-populated\">\n\t\t\t\t\t\t\t\t<div class=\"elementor-element elementor-element-cc70ea8 elementor-widget elementor-widget-heading\" data-id=\"cc70ea8\" data-element_type=\"widget\" data-widget_type=\"heading.default\">\n\t\t\t\t<div class=\"elementor-widget-container\">\n\t\t\t<h3 class=\"elementor-heading-title elementor-size-default\">Cutting instructions<\/h3>\t\t<\/div>\n\t\t\t\t<\/div>\n\t\t\t\t<div class=\"elementor-element elementor-element-260e22a elementor-icon-list--layout-traditional elementor-list-item-link-full_width elementor-widget elementor-widget-icon-list\" data-id=\"260e22a\" data-element_type=\"widget\" data-widget_type=\"icon-list.default\">\n\t\t\t\t<div class=\"elementor-widget-container\">\n\t\t\t\t\t<ul class=\"elementor-icon-list-items\">\n\t\t\t\t\t\t\t<li class=\"elementor-icon-list-item\">\n\t\t\t\t\t\t\t\t\t\t\t<a href=\"https:\/\/www.bjorktra.se\/wp-content\/uploads\/Apteringsinstruktion-bjorksagkubb_2023.pdf\">\n\n\t\t\t\t\t\t\t\t\t\t\t\t<span class=\"elementor-icon-list-icon\">\n\t\t\t\t\t\t\t<i aria-hidden=\"true\" class=\"fas fa-file-pdf\"><\/i>\t\t\t\t\t\t<\/span>\n\t\t\t\t\t\t\t\t\t\t<span class=\"elementor-icon-list-text\">Download PDF (in Swedish)<\/span>\n\t\t\t\t\t\t\t\t\t\t\t<\/a>\n\t\t\t\t\t\t\t\t\t<\/li>\n\t\t\t\t\t\t<\/ul>\n\t\t\t\t<\/div>\n\t\t\t\t<\/div>\n\t\t\t\t\t<\/div>\n\t\t<\/div>\n\t\t\t\t\t\t\t<\/div>\n\t\t<\/section>\n\t\t\t\t<section class=\"elementor-section elementor-inner-section elementor-element elementor-element-3c13793 elementor-section-boxed elementor-section-height-default elementor-section-height-default\" data-id=\"3c13793\" data-element_type=\"section\" data-settings=\"{&quot;background_background&quot;:&quot;classic&quot;}\">\n\t\t\t\t\t\t<div class=\"elementor-container elementor-column-gap-default\">\n\t\t\t\t\t<div class=\"elementor-column elementor-col-100 elementor-inner-column elementor-element elementor-element-f5dd3e2\" data-id=\"f5dd3e2\" data-element_type=\"column\">\n\t\t\t<div class=\"elementor-widget-wrap elementor-element-populated\">\n\t\t\t\t\t\t\t\t<div class=\"elementor-element elementor-element-bf1ac0e elementor-widget elementor-widget-image\" data-id=\"bf1ac0e\" data-element_type=\"widget\" data-widget_type=\"image.default\">\n\t\t\t\t<div class=\"elementor-widget-container\">\n\t\t\t\t\t\t\t\t\t\t\t\t\t\t\t<img decoding=\"async\" loading=\"lazy\" width=\"800\" height=\"1008\" src=\"https:\/\/www.bjorktra.se\/wp-content\/uploads\/bj\u00f6rks\u00e5gskubb-k\u00f6pes-v2-200802-webb-813x1024.jpg\" class=\"attachment-large size-large wp-image-393\" alt=\"\" srcset=\"https:\/\/www.bjorktra.se\/wp-content\/uploads\/bj\u00f6rks\u00e5gskubb-k\u00f6pes-v2-200802-webb-813x1024.jpg 813w, https:\/\/www.bjorktra.se\/wp-content\/uploads\/bj\u00f6rks\u00e5gskubb-k\u00f6pes-v2-200802-webb-238x300.jpg 238w, https:\/\/www.bjorktra.se\/wp-content\/uploads\/bj\u00f6rks\u00e5gskubb-k\u00f6pes-v2-200802-webb-768x968.jpg 768w, https:\/\/www.bjorktra.se\/wp-content\/uploads\/bj\u00f6rks\u00e5gskubb-k\u00f6pes-v2-200802-webb.jpg 939w\" sizes=\"(max-width: 800px) 100vw, 800px\" \/>\t\t\t\t\t\t\t\t\t\t\t\t\t\t\t<\/div>\n\t\t\t\t<\/div>\n\t\t\t\t\t<\/div>\n\t\t<\/div>\n\t\t\t\t\t\t\t<\/div>\n\t\t<\/section>\n\t\t\t\t\t<\/div>\n\t\t<\/div>\n\t\t\t\t<div class=\"elementor-column elementor-col-50 elementor-top-column elementor-element elementor-element-cdd19df\" data-id=\"cdd19df\" data-element_type=\"column\">\n\t\t\t<div class=\"elementor-widget-wrap elementor-element-populated\">\n\t\t\t\t\t\t\t\t<div class=\"elementor-element elementor-element-8d82c60 elementor-widget elementor-widget-heading\" data-id=\"8d82c60\" data-element_type=\"widget\" data-widget_type=\"heading.default\">\n\t\t\t\t<div class=\"elementor-widget-container\">\n\t\t\t<h3 class=\"elementor-heading-title elementor-size-default\">Purchase area<\/h3>\t\t<\/div>\n\t\t\t\t<\/div>\n\t\t\t\t<div class=\"elementor-element elementor-element-fb19e8d elementor-widget-divider--view-line elementor-widget elementor-widget-divider\" data-id=\"fb19e8d\" data-element_type=\"widget\" data-widget_type=\"divider.default\">\n\t\t\t\t<div class=\"elementor-widget-container\">\n\t\t\t\t\t<div class=\"elementor-divider\">\n\t\t\t<span class=\"elementor-divider-separator\">\n\t\t\t\t\t\t<\/span>\n\t\t<\/div>\n\t\t\t\t<\/div>\n\t\t\t\t<\/div>\n\t\t\t\t<div class=\"elementor-element elementor-element-6885b222 elementor-widget elementor-widget-text-editor\" data-id=\"6885b222\" data-element_type=\"widget\" data-widget_type=\"text-editor.default\">\n\t\t\t\t<div class=\"elementor-widget-container\">\n\t\t\t\t\t\t\t<p>We collect the raw material from the forests nearby, in the middle of Sweden. The raw material we work with is birch, which we then process into sawn hardwood products adapted to our customers demands and wishes.<\/p>\t\t\t\t\t\t<\/div>\n\t\t\t\t<\/div>\n\t\t\t\t<div class=\"elementor-element elementor-element-654818b elementor-widget elementor-widget-image\" data-id=\"654818b\" data-element_type=\"widget\" data-widget_type=\"image.default\">\n\t\t\t\t<div class=\"elementor-widget-container\">\n\t\t\t\t\t\t\t\t\t\t\t\t\t\t\t<img decoding=\"async\" loading=\"lazy\" width=\"496\" height=\"416\" src=\"https:\/\/www.bjorktra.se\/wp-content\/uploads\/karta-arbr-rod.jpg\" class=\"attachment-full size-full wp-image-385\" alt=\"\" srcset=\"https:\/\/www.bjorktra.se\/wp-content\/uploads\/karta-arbr-rod.jpg 496w, https:\/\/www.bjorktra.se\/wp-content\/uploads\/karta-arbr-rod-300x252.jpg 300w\" sizes=\"(max-width: 496px) 100vw, 496px\" \/>\t\t\t\t\t\t\t\t\t\t\t\t\t\t\t<\/div>\n\t\t\t\t<\/div>\n\t\t\t\t\t<\/div>\n\t\t<\/div>\n\t\t\t\t\t\t\t<\/div>\n\t\t<\/section>\n\t\t\t\t\t\t\t<\/div>","protected":false},"excerpt":{"rendered":"<p>R\u00e5vara Apteringsinstruktion Klicka h\u00e4r f\u00f6r att ladda ned PDF Ink\u00f6psomr\u00e5de P\u00e5 Bj\u00f6rktr\u00e4 Timber AB h\u00e4mtar vi v\u00e5r r\u00e5vara i n\u00e4romr\u00e5det, det vill s\u00e4ga i mellansverige. Den r\u00e5varan vi arbetar med \u00e4r bj\u00f6rk, som vi sedan f\u00f6r\u00e4dlar till s\u00e5gade produkter anpassade efter v\u00e5ra kunders krav och \u00f6nskem\u00e5l.<\/p>","protected":false},"author":1,"featured_media":0,"parent":0,"menu_order":0,"comment_status":"closed","ping_status":"closed","template":"elementor_header_footer","meta":{"footnotes":""},"_links":{"self":[{"href":"https:\/\/www.bjorktra.se\/en\/wp-json\/wp\/v2\/pages\/151"}],"collection":[{"href":"https:\/\/www.bjorktra.se\/en\/wp-json\/wp\/v2\/pages"}],"about":[{"href":"https:\/\/www.bjorktra.se\/en\/wp-json\/wp\/v2\/types\/page"}],"author":[{"embeddable":true,"href":"https:\/\/www.bjorktra.se\/en\/wp-json\/wp\/v2\/users\/1"}],"replies":[{"embeddable":true,"href":"https:\/\/www.bjorktra.se\/en\/wp-json\/wp\/v2\/comments?post=151"}],"version-history":[{"count":23,"href":"https:\/\/www.bjorktra.se\/en\/wp-json\/wp\/v2\/pages\/151\/revisions"}],"predecessor-version":[{"id":4699,"href":"https:\/\/www.bjorktra.se\/en\/wp-json\/wp\/v2\/pages\/151\/revisions\/4699"}],"wp:attachment":[{"href":"https:\/\/www.bjorktra.se\/en\/wp-json\/wp\/v2\/media?parent=151"}],"curies":[{"name":"wp","href":"https:\/\/api.w.org\/{rel}","templated":true}]}}